{"id":101,"date":"2026-04-11T12:56:27","date_gmt":"2026-04-11T12:56:27","guid":{"rendered":"https:\/\/justbecom.fr\/?page_id=101"},"modified":"2026-04-11T13:02:11","modified_gmt":"2026-04-11T13:02:11","slug":"yann-guillarme","status":"publish","type":"page","link":"https:\/\/justbecom.fr\/?page_id=101","title":{"rendered":"YANN GUILLARME"},"content":{"rendered":"\n<div class=\"wp-block-columns is-layout-flex wp-container-core-columns-is-layout-28f84493 wp-block-columns-is-layout-flex\">\n<div class=\"wp-block-column is-layout-flow wp-block-column-is-layout-flow\">\n<figure class=\"wp-block-image size-large\"><img fetchpriority=\"high\" decoding=\"async\" width=\"686\" height=\"1024\" src=\"https:\/\/justbecom.fr\/wp-content\/uploads\/2026\/04\/Yann-Guillarme-Libre-affiche-new-686x1024.jpeg\" alt=\"\" class=\"wp-image-102\" srcset=\"https:\/\/justbecom.fr\/wp-content\/uploads\/2026\/04\/Yann-Guillarme-Libre-affiche-new-686x1024.jpeg 686w, https:\/\/justbecom.fr\/wp-content\/uploads\/2026\/04\/Yann-Guillarme-Libre-affiche-new-201x300.jpeg 201w, https:\/\/justbecom.fr\/wp-content\/uploads\/2026\/04\/Yann-Guillarme-Libre-affiche-new-768x1147.jpeg 768w, https:\/\/justbecom.fr\/wp-content\/uploads\/2026\/04\/Yann-Guillarme-Libre-affiche-new-375x560.jpeg 375w, https:\/\/justbecom.fr\/wp-content\/uploads\/2026\/04\/Yann-Guillarme-Libre-affiche-new-600x896.jpeg 600w, https:\/\/justbecom.fr\/wp-content\/uploads\/2026\/04\/Yann-Guillarme-Libre-affiche-new.jpeg 857w\" sizes=\"(max-width: 686px) 100vw, 686px\" \/><\/figure>\n<\/div>\n\n\n\n<div class=\"wp-block-column is-layout-flow wp-block-column-is-layout-flow\">\n<p class=\"has-large-font-size\"><em><strong>\u00ab Libre ! \u00bb<\/strong><\/em><\/p>\n\n\n\n<p><strong><em>ACTUELLEMENT A L\u2019EUROPEEN<\/em> <em>ET LE 24 MAI 2026 A LA CIGALE<\/em><\/strong><br><br><em>Avec son sens inn\u00e9 de la vanne, du rythme et de l\u2019autod\u00e9rision, Yann Guillarme s\u2019impose comme<\/em> <em>l\u2019un des humoristes les plus attachants de la<\/em> <em>sc\u00e8ne humoristique fran\u00e7aise. Faussement<\/em> <em>boeuf, il s\u00e9duit par ses anecdotes du quotidien,<\/em> <em>une \u00e9nergie sc\u00e9nique d\u00e9bordante et un humour<\/em> <em>piquant mais toujours bienveillant.<\/em><\/p>\n\n\n\n<p><em>Libre *<\/em>: <em>Adjectif. Se dit d\u2019une personne qui a le pouvoir, le droit de<\/em> <em>d\u00e9cider, d\u2019agir par soi-m\u00eame, quitte \u00e0 faire du reggae en \u00e9tant<\/em> <em>blanc et chanter BABYLON VEUT NOUS CENSURER alors qu\u2019on<\/em> <em>ne sait pas ce qu\u2019est Babylone !!<\/em><\/p>\n\n\n\n<p><em>Libre de porter des lunettes fum\u00e9es, d&rsquo;\u00eatre en couple depuis 20<\/em> <em>ans avec, avec qui\u2026d\u00e9j\u00e0 ?<\/em> <em>Libre d\u2019\u00eatre de gauche tout en esp\u00e9rant devenir riche pour fuir<\/em> <em>en suisse afin de se beurrer la biscotte sous le soleil de l\u2019\u00e9vasion<\/em> <em>fiscal. Libre de le penser ou non.<\/em><\/p>\n\n\n\n<p><em>Libre d\u2019\u00eatre un peu beauf un peu gay mais quand m\u00eame<\/em> <em>compl\u00e8tement hetero, libre d\u2019\u00eatre un humain qui assume ses<\/em> <em>pens\u00e9es et ses paradoxes, libre de vous les livrer sur scene, Libre<\/em> <em>\u00e0 vous de les prendre\u2026 (prenez les je souhaite devenir riche<\/em> <em>assez vite)<\/em>. <em>Alors, venez, viens, venons libre comme on est, libre tant qu&rsquo;on<\/em> <em>est vivant, libre tant qu&rsquo;on peut aimer, d\u00e9conner et rire.<\/em><\/p>\n<\/div>\n<\/div>\n\n\n\n<p><em>&#8212;&#8212;&#8211; <\/em><em>AUTRES ACTUALITES<\/em><em>&#8212;&#8212;-<\/em><\/p>\n\n\n\n<p><em>Chroniqueur sur <\/em><em>\u00ab Quotidien \u00bb sur TMC<\/em><\/p>\n\n\n\n<figure class=\"wp-block-image size-full\"><a href=\"https:\/\/www.tf1.fr\/dossier\/yann-guillarme-34430070\" target=\"_blank\" rel=\" noreferrer noopener\"><img decoding=\"async\" width=\"308\" height=\"410\" src=\"https:\/\/justbecom.fr\/wp-content\/uploads\/2026\/04\/vignette-personnalite-quotidien-yann-guillarme-87b678-e228f8-0@1x.jpg\" alt=\"\" class=\"wp-image-103\" srcset=\"https:\/\/justbecom.fr\/wp-content\/uploads\/2026\/04\/vignette-personnalite-quotidien-yann-guillarme-87b678-e228f8-0@1x.jpg 308w, https:\/\/justbecom.fr\/wp-content\/uploads\/2026\/04\/vignette-personnalite-quotidien-yann-guillarme-87b678-e228f8-0@1x-225x300.jpg 225w\" sizes=\"(max-width: 308px) 100vw, 308px\" \/><\/a><\/figure>\n","protected":false},"excerpt":{"rendered":"<p>\u00ab Libre ! \u00bb ACTUELLEMENT A L\u2019EUROPEEN ET LE 24 MAI 2026 A LA CIGALE Avec son sens inn\u00e9 de la vanne, du rythme et de l\u2019autod\u00e9rision, Yann Guillarme s\u2019impose comme l\u2019un des humoristes les plus attachants de la sc\u00e8ne humoristique fran\u00e7aise. Faussement boeuf, il s\u00e9duit par ses anecdotes du [&hellip;]<\/p>\n","protected":false},"author":1,"featured_media":0,"parent":0,"menu_order":0,"comment_status":"closed","ping_status":"closed","template":"","meta":{"inspiro_page_layout":"narrow","inspiro_hide_title":false,"footnotes":""},"class_list":["post-101","page","type-page","status-publish","hentry"],"_links":{"self":[{"href":"https:\/\/justbecom.fr\/index.php?rest_route=\/wp\/v2\/pages\/101","targetHints":{"allow":["GET"]}}],"collection":[{"href":"https:\/\/justbecom.fr\/index.php?rest_route=\/wp\/v2\/pages"}],"about":[{"href":"https:\/\/justbecom.fr\/index.php?rest_route=\/wp\/v2\/types\/page"}],"author":[{"embeddable":true,"href":"https:\/\/justbecom.fr\/index.php?rest_route=\/wp\/v2\/users\/1"}],"replies":[{"embeddable":true,"href":"https:\/\/justbecom.fr\/index.php?rest_route=%2Fwp%2Fv2%2Fcomments&post=101"}],"version-history":[{"count":2,"href":"https:\/\/justbecom.fr\/index.php?rest_route=\/wp\/v2\/pages\/101\/revisions"}],"predecessor-version":[{"id":109,"href":"https:\/\/justbecom.fr\/index.php?rest_route=\/wp\/v2\/pages\/101\/revisions\/109"}],"wp:attachment":[{"href":"https:\/\/justbecom.fr\/index.php?rest_route=%2Fwp%2Fv2%2Fmedia&parent=101"}],"curies":[{"name":"wp","href":"https:\/\/api.w.org\/{rel}","templated":true}]}}