{"id":26,"date":"2026-04-10T21:16:53","date_gmt":"2026-04-10T21:16:53","guid":{"rendered":"https:\/\/justbecom.fr\/?page_id=26"},"modified":"2026-04-10T21:16:53","modified_gmt":"2026-04-10T21:16:53","slug":"page-daccueil","status":"publish","type":"page","link":"https:\/\/justbecom.fr\/","title":{"rendered":"Page d&rsquo;accueil"},"content":{"rendered":"\n<p><strong>\u00ab&nbsp;JUST BE COM&nbsp;\u00bb, cr\u00e9\u00e9e en 2020 par \u00c9milie Castillo, est une agence de relations presse \/ relations publiques.&nbsp;<\/strong><\/p>\n\n\n\n<p><strong>\u00c9milie Castillo, forte de ses 23 ans d\u2019exp\u00e9rience, met son expertise au service du milieu du spectacle vivant et de la culture. L\u2019agence se consacre \u00e0 valoriser les artistes et les spectacles qu\u2019elle accompagne en leur offrant une visibilit\u00e9 m\u00e9diatique et en cr\u00e9ant une notori\u00e9t\u00e9 durable.&nbsp;<\/strong><\/p>\n","protected":false},"excerpt":{"rendered":"<p>\u00ab&nbsp;JUST BE COM&nbsp;\u00bb, cr\u00e9\u00e9e en 2020 par \u00c9milie Castillo, est une agence de relations presse \/ relations publiques.&nbsp; \u00c9milie Castillo, forte de ses 23 ans d\u2019exp\u00e9rience, met son expertise au service du milieu du spectacle vivant et de la culture. L\u2019agence se consacre \u00e0 valoriser les artistes et les spectacles [&hellip;]<\/p>\n","protected":false},"author":1,"featured_media":0,"parent":0,"menu_order":0,"comment_status":"closed","ping_status":"closed","template":"","meta":{"inspiro_page_layout":"narrow","inspiro_hide_title":false,"footnotes":""},"class_list":["post-26","page","type-page","status-publish","hentry"],"_links":{"self":[{"href":"https:\/\/justbecom.fr\/index.php?rest_route=\/wp\/v2\/pages\/26","targetHints":{"allow":["GET"]}}],"collection":[{"href":"https:\/\/justbecom.fr\/index.php?rest_route=\/wp\/v2\/pages"}],"about":[{"href":"https:\/\/justbecom.fr\/index.php?rest_route=\/wp\/v2\/types\/page"}],"author":[{"embeddable":true,"href":"https:\/\/justbecom.fr\/index.php?rest_route=\/wp\/v2\/users\/1"}],"replies":[{"embeddable":true,"href":"https:\/\/justbecom.fr\/index.php?rest_route=%2Fwp%2Fv2%2Fcomments&post=26"}],"version-history":[{"count":1,"href":"https:\/\/justbecom.fr\/index.php?rest_route=\/wp\/v2\/pages\/26\/revisions"}],"predecessor-version":[{"id":27,"href":"https:\/\/justbecom.fr\/index.php?rest_route=\/wp\/v2\/pages\/26\/revisions\/27"}],"wp:attachment":[{"href":"https:\/\/justbecom.fr\/index.php?rest_route=%2Fwp%2Fv2%2Fmedia&parent=26"}],"curies":[{"name":"wp","href":"https:\/\/api.w.org\/{rel}","templated":true}]}}