{"id":35,"date":"2026-04-11T07:05:16","date_gmt":"2026-04-11T07:05:16","guid":{"rendered":"https:\/\/justbecom.fr\/?page_id=35"},"modified":"2026-04-11T07:10:20","modified_gmt":"2026-04-11T07:10:20","slug":"nick-mallen","status":"publish","type":"page","link":"https:\/\/justbecom.fr\/?page_id=35","title":{"rendered":"NICK MALLEN"},"content":{"rendered":"\n<div class=\"wp-block-columns is-layout-flex wp-container-core-columns-is-layout-28f84493 wp-block-columns-is-layout-flex\">\n<div class=\"wp-block-column is-layout-flow wp-block-column-is-layout-flow\">\n<figure class=\"wp-block-image size-large\"><img fetchpriority=\"high\" decoding=\"async\" width=\"1024\" height=\"1024\" src=\"https:\/\/justbecom.fr\/wp-content\/uploads\/2026\/04\/Jai-tue-MJ-V2-1024x1024.jpg\" alt=\"\" class=\"wp-image-36\" srcset=\"https:\/\/justbecom.fr\/wp-content\/uploads\/2026\/04\/Jai-tue-MJ-V2-1024x1024.jpg 1024w, https:\/\/justbecom.fr\/wp-content\/uploads\/2026\/04\/Jai-tue-MJ-V2-300x300.jpg 300w, https:\/\/justbecom.fr\/wp-content\/uploads\/2026\/04\/Jai-tue-MJ-V2-150x150.jpg 150w, https:\/\/justbecom.fr\/wp-content\/uploads\/2026\/04\/Jai-tue-MJ-V2-768x768.jpg 768w, https:\/\/justbecom.fr\/wp-content\/uploads\/2026\/04\/Jai-tue-MJ-V2-1536x1536.jpg 1536w, https:\/\/justbecom.fr\/wp-content\/uploads\/2026\/04\/Jai-tue-MJ-V2-2048x2048.jpg 2048w, https:\/\/justbecom.fr\/wp-content\/uploads\/2026\/04\/Jai-tue-MJ-V2-2000x2000.jpg 2000w, https:\/\/justbecom.fr\/wp-content\/uploads\/2026\/04\/Jai-tue-MJ-V2-1000x1000.jpg 1000w, https:\/\/justbecom.fr\/wp-content\/uploads\/2026\/04\/Jai-tue-MJ-V2-280x280.jpg 280w, https:\/\/justbecom.fr\/wp-content\/uploads\/2026\/04\/Jai-tue-MJ-V2-1800x1800.jpg 1800w, https:\/\/justbecom.fr\/wp-content\/uploads\/2026\/04\/Jai-tue-MJ-V2-560x560.jpg 560w, https:\/\/justbecom.fr\/wp-content\/uploads\/2026\/04\/Jai-tue-MJ-V2-600x600.jpg 600w, https:\/\/justbecom.fr\/wp-content\/uploads\/2026\/04\/Jai-tue-MJ-V2-800x800.jpg 800w\" sizes=\"(max-width: 1024px) 100vw, 1024px\" \/><\/figure>\n<\/div>\n\n\n\n<div class=\"wp-block-column is-layout-flow wp-block-column-is-layout-flow\">\n<p style=\"font-size:clamp(18.959px, 1.185rem + ((1vw - 3.2px) * 1.15), 30px);\"><strong><em>SINGLE<\/em> <\/strong><br><strong><em>\u00ab J\u2019AI TU\u00c9 MICKA\u00cbL JACKSON \u00bb<\/em><\/strong><\/p>\n\n\n\n<p><strong><em>23 MILLIONS DE VUES<\/em> <em>SUR REPRISE DE \u00ab PAPAOUTAI \u00bb<\/em><\/strong><\/p>\n\n\n\n<p><em>Nick Mallen, v\u00e9ritable ph\u00e9nom\u00e8ne des r\u00e9seaux<\/em> <em>sociaux, notamment avec sa reprise de<\/em> <em>\u00ab Papaoutai \u00bb \u00e0 plus de 23 millions de vues,<\/em> <em>revient avec un nouveau single !<\/em><br><br><em>Apr\u00e8s le succ\u00e8s de son 1er single \u00ab Umanit\u00e9 \u00bb, Nick nous<\/em> <em>livre un hommage au King de la pop avec ce nouveau<\/em> <em>titre : J\u2019ai tu\u00e9 Micka\u00ebl Jackson \u00bb. Un titre volontairement choc<\/em> <em>qui interpelle et questionne. Qui a vraiment tu\u00e9 Micka\u00ebl Jackson ?<\/em> <em>Un homme, un syst\u00e8me ou une \u00e9poque enti\u00e8re ?<\/em><\/p>\n<\/div>\n<\/div>\n\n\n\n<p><em>Au-del\u00e0 de son timbre de voix imcomparable, puissant et<\/em> <em>habit\u00e9, Nick fascine par son parcours atypique.<\/em> <em>Apr\u00e8s avoir connu la pr\u00e9carit\u00e9, apr\u00e8s avoir perform\u00e9 dans<\/em> <em>la rue et parcouru le monde avec sa guitare, Nick Mallen est<\/em> <em>aujourd\u2019hui devenu un v\u00e9ritable ph\u00e9nom\u00e8ne sur les r\u00e9seaux<\/em> <em>o\u00f9 sa musique est \u00e9cout\u00e9e et partag\u00e9e par des millions de<\/em> <em>personnes !<\/em><\/p>\n\n\n\n<p><em><strong>NICK MALLEN EN CHIFFRES :<\/strong><\/em><\/p>\n\n\n\n<p><em>&#8211; + 500 Millions de vues sur les r\u00e9seaux<\/em><\/p>\n\n\n\n<p><em>&#8211; + 5 millions de stream<\/em><\/p>\n\n\n\n<p><em>&#8211; + 1,5 millions d\u2019abonn\u00e9s<\/em><\/p>\n\n\n\n<p><em>&#8211; 30k d\u2019auteurs mensuels sur Spotify<\/em><\/p>\n\n\n\n<p><\/p>\n","protected":false},"excerpt":{"rendered":"<p>SINGLE \u00ab J\u2019AI TU\u00c9 MICKA\u00cbL JACKSON \u00bb 23 MILLIONS DE VUES SUR REPRISE DE \u00ab PAPAOUTAI \u00bb Nick Mallen, v\u00e9ritable ph\u00e9nom\u00e8ne des r\u00e9seaux sociaux, notamment avec sa reprise de \u00ab Papaoutai \u00bb \u00e0 plus de 23 millions de vues, revient avec un nouveau single ! Apr\u00e8s le succ\u00e8s de son [&hellip;]<\/p>\n","protected":false},"author":1,"featured_media":0,"parent":0,"menu_order":0,"comment_status":"closed","ping_status":"closed","template":"","meta":{"inspiro_page_layout":"narrow","inspiro_hide_title":false,"footnotes":""},"class_list":["post-35","page","type-page","status-publish","hentry"],"_links":{"self":[{"href":"https:\/\/justbecom.fr\/index.php?rest_route=\/wp\/v2\/pages\/35","targetHints":{"allow":["GET"]}}],"collection":[{"href":"https:\/\/justbecom.fr\/index.php?rest_route=\/wp\/v2\/pages"}],"about":[{"href":"https:\/\/justbecom.fr\/index.php?rest_route=\/wp\/v2\/types\/page"}],"author":[{"embeddable":true,"href":"https:\/\/justbecom.fr\/index.php?rest_route=\/wp\/v2\/users\/1"}],"replies":[{"embeddable":true,"href":"https:\/\/justbecom.fr\/index.php?rest_route=%2Fwp%2Fv2%2Fcomments&post=35"}],"version-history":[{"count":5,"href":"https:\/\/justbecom.fr\/index.php?rest_route=\/wp\/v2\/pages\/35\/revisions"}],"predecessor-version":[{"id":42,"href":"https:\/\/justbecom.fr\/index.php?rest_route=\/wp\/v2\/pages\/35\/revisions\/42"}],"wp:attachment":[{"href":"https:\/\/justbecom.fr\/index.php?rest_route=%2Fwp%2Fv2%2Fmedia&parent=35"}],"curies":[{"name":"wp","href":"https:\/\/api.w.org\/{rel}","templated":true}]}}